{"id":4648,"date":"2026-04-17T13:25:13","date_gmt":"2026-04-17T13:25:13","guid":{"rendered":"https:\/\/borsalino.hr\/?page_id=4648"},"modified":"2026-04-17T14:49:57","modified_gmt":"2026-04-17T14:49:57","slug":"catering-2","status":"publish","type":"page","link":"https:\/\/borsalino.hr\/?page_id=4648","title":{"rendered":"Catering"},"content":{"rendered":"<p class=\"style10\" align=\"justify\">Ako ste odlucili obilje\u017eiti neki Vama poseban dan, sa zadovoljstvom vam mo\u017eemo ponuditi organizaciju cateringa povodom krstitki, pricesti, krizmi, promocija, rodendana, karmina. U ponudi imamo 4 menija, koje je moguce mijenjati i prilagodavati Va\u0161im zahtjevima.<\/p>\n<p><span class=\"style1\">Ponuda :<\/span><\/p>\n\n\n\n\n<div class=\"wp-block-buttons is-content-justification-center is-layout-flex wp-container-core-buttons-is-layout-16018d1d wp-block-buttons-is-layout-flex\">\n<div class=\"wp-block-button is-style-fill\"><a class=\"wp-block-button__link wp-element-button\" href=\"http:\/\/borsalino.hr\/wp-content\/uploads\/2026\/04\/CATERING-PONUDA-1-1.pdf\">CATERING PONUDA 1<\/a><\/div>\n<\/div>\n\n\n\n<p class=\"has-text-align-center\"><br>PILE\u0106I ZAGREBA\u010cKI NAREZAN NA \u0160NITICE<br>ROLICE PUNJENE(TAKITOSI)<br>VRATINA\/KOTLET GRILL<br>\u0106EVAPI<br>X<br>KROKETI<br>PEKARSKI KRUMPIR<br>RI\u017dOTO OD POVR\u0106A<br>X<br>MJE\u0160ANA SALATA<br>X<br>KRUH<br>CIJENA:15 EURA PO OSOBI<br>U cijenu je uklju\u010deno : tanjuri,be\u0161tek,banja mari(topli stol) u kojem bi se hrana dovezla<\/p>\n\n\n\n<p><\/p>\n\n\n\n<div class=\"wp-block-buttons is-content-justification-center is-layout-flex wp-container-core-buttons-is-layout-16018d1d wp-block-buttons-is-layout-flex\">\n<div class=\"wp-block-button\"><a class=\"wp-block-button__link wp-element-button\" href=\"http:\/\/borsalino.hr\/wp-content\/uploads\/2026\/04\/CATERING-PONUDA-2-1.pdf\">CATERING PONUDA 2<\/a><\/div>\n<\/div>\n\n\n\n<p class=\"has-text-align-center\"><br>LUNGI\u0106 UMOTAN U PR\u0160UT<br>PURE\u0106I FILE \u017dAR<br>POHANA PILE\u0106A PRSA<br>\u0106EVAPI<br>X<br>KROKETI<br>PEKARSKI KRUMPIR<br>RI\u017dOTO OD POVR\u0106A<br>X<br>MJE\u0160ANA SALATA<br>X<br>KRUH<br>CIJENA:15 EURA PO OSOBI<br>U cijenu je uklju\u010deno : tanjuri,be\u0161tek,banja mari(topli stol) u kojem bi se hrana dovezla<\/p>\n\n\n\n<p class=\"has-text-align-center\"><\/p>\n\n\n\n<div class=\"wp-block-buttons is-content-justification-center is-layout-flex wp-container-core-buttons-is-layout-16018d1d wp-block-buttons-is-layout-flex\">\n<div class=\"wp-block-button\"><a class=\"wp-block-button__link wp-element-button\" href=\"http:\/\/borsalino.hr\/wp-content\/uploads\/2026\/04\/CATERING-PONUDA-3-1.pdf\">CATERING PONUDA 3<\/a><\/div>\n<\/div>\n\n\n\n<p class=\"has-text-align-center\"><br>SVINJSKI BE\u010cKI ODREZAK<br>MEDALJONI UMAK \u0160AMPINJONI<br>VRATINA\/KOTLET GRILL<br>\u0106EVAPI<br>X<br>KROKETI<br>PEKARSKI KRUMPIR<br>RI\u017dOTO OD POVR\u0106A<br>X<br>MJE\u0160ANA SALATA<br>X<br>KRUH<br>CIJENA:15 EURA PO OSOBI<br>U cijenu je uklju\u010deno : tanjuri,be\u0161tek,banja mari(topli stol) u kojem bi se hrana dovezla<\/p>\n\n\n\n<p><\/p>\n\n\n\n<div class=\"wp-block-buttons is-content-justification-center is-layout-flex wp-container-core-buttons-is-layout-16018d1d wp-block-buttons-is-layout-flex\">\n<div class=\"wp-block-button\"><a class=\"wp-block-button__link wp-element-button\" href=\"http:\/\/borsalino.hr\/wp-content\/uploads\/2026\/04\/CATERING-PONUDA-4-1.pdf\">CATERING PONUDA 4<\/a><\/div>\n<\/div>\n\n\n\n<p class=\"has-text-align-center\"><br>PILE\u0106I ZAGREBA\u010cKI NAREZAN NA \u0160NITICE<br>ROLICE PUNJENE(TAKITOSI)<br>TELE\u0106E PE\u010cENJE<br>\u0106EVAPI<br>X<br>KROKETI<br>PEKARSKI KRUMPIR<br>RI\u017dOTO OD POVR\u0106A<br>X<br>MJE\u0160ANA SALATA<br>X<br>KRUH<br>CIJENA:20 EURA PO OSOBI<br>U cijenu je uklju\u010deno : tanjuri,be\u0161tek,banja mari(topli stol) u kojem bi se hrana dovezla<\/p>\n","protected":false},"excerpt":{"rendered":"<p>Ako ste odlucili obilje\u017eiti neki Vama poseban dan, sa zadovoljstvom vam mo\u017eemo ponuditi organizaciju cateringa povodom krstitki, pricesti, krizmi, promocija, rodendana, karmina. U ponudi imamo [&hellip;]<\/p>\n","protected":false},"author":5,"featured_media":0,"parent":0,"menu_order":0,"comment_status":"closed","ping_status":"closed","template":"","meta":{"ngg_post_thumbnail":0,"footnotes":""},"class_list":["post-4648","page","type-page","status-publish","hentry"],"_links":{"self":[{"href":"https:\/\/borsalino.hr\/index.php?rest_route=\/wp\/v2\/pages\/4648","targetHints":{"allow":["GET"]}}],"collection":[{"href":"https:\/\/borsalino.hr\/index.php?rest_route=\/wp\/v2\/pages"}],"about":[{"href":"https:\/\/borsalino.hr\/index.php?rest_route=\/wp\/v2\/types\/page"}],"author":[{"embeddable":true,"href":"https:\/\/borsalino.hr\/index.php?rest_route=\/wp\/v2\/users\/5"}],"replies":[{"embeddable":true,"href":"https:\/\/borsalino.hr\/index.php?rest_route=%2Fwp%2Fv2%2Fcomments&post=4648"}],"version-history":[{"count":6,"href":"https:\/\/borsalino.hr\/index.php?rest_route=\/wp\/v2\/pages\/4648\/revisions"}],"predecessor-version":[{"id":4667,"href":"https:\/\/borsalino.hr\/index.php?rest_route=\/wp\/v2\/pages\/4648\/revisions\/4667"}],"wp:attachment":[{"href":"https:\/\/borsalino.hr\/index.php?rest_route=%2Fwp%2Fv2%2Fmedia&parent=4648"}],"curies":[{"name":"wp","href":"https:\/\/api.w.org\/{rel}","templated":true}]}}