{"id":221,"date":"2015-04-20T21:59:00","date_gmt":"2015-04-20T21:59:00","guid":{"rendered":"http:\/\/borsalino.hr\/?page_id=221"},"modified":"2026-03-15T17:21:35","modified_gmt":"2026-03-15T17:21:35","slug":"meni-a-la-carte","status":"publish","type":"page","link":"https:\/\/borsalino.hr\/?page_id=221","title":{"rendered":"Meni a la carte"},"content":{"rendered":"<p><strong><em><br \/>\n[box] JUHE[\/box]<br \/>\n<\/em><\/strong><\/p>\n<ul>\n<li>DNEVNE JUHE<\/li>\n<li>3,00\u20ac<\/li>\n<\/ul>\n<p><strong><em>[box] JELA PO NARUD\u017dBI[\/box] <\/em><\/strong><\/p>\n<ul>\n<li>BE\u010cKI ODREZAK-PRILOG<\/li>\n<li>9,00 \u20ac<\/li>\n<li>NARAVNI ODREZAK-SVINJSKI-PRILOG<\/li>\n<li>9,00 \u20ac<\/li>\n<li>NARAVNI U UMAKU OD \u0160AMPINJONA-SVINJSKI-PRILOG<\/li>\n<li>11,00 \u20ac<\/li>\n<li>PARI\u0160KI ODREZAK-SVINJSKI-PRILOG<\/li>\n<li>9,00 \u20ac<\/li>\n<li>NARAVNI ODREZAK-TELE\u0106I-PRILOG<\/li>\n<li>13,00 \u20ac<\/li>\n<li>NARAVNI U UMAKU OD \u0160AMPINJONA-TELE\u0106I-PRILOG<\/li>\n<li>15,00 \u20ac<\/li>\n<li>TELE\u0106I MEDALJONI U UMAKU OD \u0160AMPINJONA-PRILOG<\/li>\n<li>15,00 \u20ac<\/li>\n<li>POHANI PILE\u0106I FILE-PRILOG<\/li>\n<li>9,00 \u20ac<\/li>\n<li>PURE\u0106I ODREZAK-PRILOG<\/li>\n<li>10,00\u20ac<\/li>\n<li>PURE\u0106I ODREZAK U UMAKU OD \u0160AMPINJONA-PRILOG<\/li>\n<li>12,00 \u20ac<\/li>\n<li>POHANI SIR-PRILOG<\/li>\n<li>8,00 \u20ac<\/li>\n<li>ZAGREBA\u010cKI ODREZAK-SVINJSKI-PRILOG<\/li>\n<li>9,00 \u20ac<\/li>\n<li>ZAGREBA\u010cKI ODREZAK-PILE\u0106I-PRILOG<\/li>\n<li>9,00 \u20ac<\/li>\n<li>ZAGREBA\u010cKI ODREZAK-TELE\u0106I-PRILOG<\/li>\n<li>14,00 \u20ac<\/li>\n<\/ul>\n<p><strong><em>[box] JELA SA RO\u0160TILJA[\/box] <\/em><\/strong><\/p>\n<ul>\n<li>\u0106EVAPI VELIKI U LEPINJI+LUK<\/li>\n<li>7,50 \u20ac<\/li>\n<li>RA\u017dNJI\u0106I(POMFRIT-LUK)<\/li>\n<li>7,50 \u20ac<\/li>\n<li>RA\u017dNJI\u0106I A LA \u0160EF KUHINJE-PRILOG<\/li>\n<li>9,50 \u20ac<\/li>\n<li>PLJESKAVICA(POMFRIT-LUK)<\/li>\n<li>7,50 \u20ac<\/li>\n<li>KOTLETI NA \u017dARU-PRILOG<\/li>\n<li>8,00 \u20ac<\/li>\n<li>PILE\u0106I FILE-PRILOG<\/li>\n<li>7,50 \u20ac<\/li>\n<li>PILE\u0106I RA\u017dNJI\u0106I-PRILOG<\/li>\n<li>7,50 \u20ac<\/li>\n<li>PUNJENA PLJESKAVICA SIR-PRILOG<\/li>\n<li>8,50 \u20ac<\/li>\n<li>PUNJENA PLJESKAVICA KAJMAK-PRILOG<\/li>\n<li>9,50 \u20ac<\/li>\n<li>MJE\u0160ANO MESO(KOTLET,RA\u017dNJI\u0106I,PLJESKAVICA,2 \u0106EVAPA)-PRILOG<\/li>\n<li>10,00 \u20ac<\/li>\n<li>PUNJENI LUNGI\u0106(\u0160UNKA-SIR)-PRILOG<\/li>\n<li>10,00 \u20ac<\/li>\n<li>PUNJENI LUNGI\u0106(PR\u0160UT-SIR)-PRILOG<\/li>\n<li>10,50 \u20ac<\/li>\n<li>LUNGI\u0106 NA \u017dARU-PRILOG<\/li>\n<li>9,50 \u20ac<\/li>\n<\/ul>\n<p><strong><em>\u00a0<\/em><\/strong><\/p>\n<p><strong><em>\u00a0<\/em><\/strong><\/p>\n<p><strong><em>[box] PLATE ZA 2 OSOBE[\/box] <\/em><\/strong><\/p>\n<p><strong>PLATA \u201eZAGREB\u201c<\/strong>\u00a0 \u00a0 \u00a0 \u00a0 \u00a0 \u00a0 \u00a0 \u00a0 \u00a0 \u00a0 \u00a0 \u00a0 \u00a0 \u00a0 \u00a0 \u00a0 \u00a0 \u00a023,00 \u20ac<\/p>\n<ul>\n<li>ZAGREBA\u010cKI<\/li>\n<li>PUNJENA PLJESKAVICA<\/li>\n<li>PILE\u0106I FILE<\/li>\n<li>KROKETI<\/li>\n<li>\u0160AMPINJONI<\/li>\n<li>POMFRIT<\/li>\n<\/ul>\n<p><strong><em>\u00a0<\/em><\/strong><\/p>\n<p><strong>PLATA \u201eBORSOLINO\u201c\u00a0 \u00a0 \u00a0 \u00a0 \u00a0 \u00a0 \u00a0 \u00a0 \u00a0 \u00a0 \u00a0 \u00a0 \u00a0 <\/strong>21,00 \u20ac<\/p>\n<ul>\n<li>BE\u010cKI ODREZAK<\/li>\n<li>PLJESKAVICA<\/li>\n<li>KOTLET\/VRATINA<\/li>\n<li>\u0106EVAPI<\/li>\n<li>POMFRIT<\/li>\n<li>\u0160AMPINJONI<\/li>\n<li>KROKETI<\/li>\n<\/ul>\n<p><strong>SLAVONSKA PLATA\u00a0 \u00a0 \u00a0 \u00a0 \u00a0 \u00a0 \u00a0 \u00a0 \u00a0 \u00a0 \u00a0 \u00a0 \u00a0 \u00a0 \u00a0<\/strong> 25,00\u20ac<\/p>\n<ul>\n<li>LUNGI\u0106 UMOTAN U PR\u0160UT<\/li>\n<li>PURE\u0106I FILE \u017dAR<\/li>\n<li>POHANA PILE\u0106A PRSA<\/li>\n<li>\u0160I\u0160 \u0106EVAPI<\/li>\n<li>POMFRIT<\/li>\n<li>\u0160AMPINJONI<\/li>\n<li>KROKETI<\/li>\n<\/ul>\n<p><strong><em>[box] RIBE[\/box]<\/em><\/strong><\/p>\n<ul>\n<li>PR\u017dENE LIGNJE+PRILOG+TARTAR<\/li>\n<li>10,00 \u20ac<\/li>\n<li>LIGNJE NA \u017dARU+PRILOG<\/li>\n<li>10,00 \u20ac<\/li>\n<li>OSLI\u0106+PRILOG+TARTAR<\/li>\n<li>8,00 \u20ac<\/li>\n<\/ul>\n<p><strong><em>[box] PRILOZI[\/box] <\/em><\/strong><\/p>\n<ul>\n<li>POMFRIT<\/li>\n<li>3,00 \u20ac<\/li>\n<li>RESTANI KRUMPIR<\/li>\n<li>3,00 \u20ac<\/li>\n<li>PIRE KRUMPIR<\/li>\n<li>3,00 \u20ac<\/li>\n<li>RI\u017dA<\/li>\n<li>3,00 \u20ac<\/li>\n<li>KROKETI<\/li>\n<li>3,00 \u20ac<\/li>\n<\/ul>\n<p><strong><em>[box] SALATE[\/box] <\/em><\/strong><\/p>\n<ul>\n<li>SEZONSKA SALATA<\/li>\n<li>3,00 \u20ac<\/li>\n<li>\u0160OPSKA SALATA<\/li>\n<li>4,00 \u20ac<\/li>\n<\/ul>\n<p><strong><em>[box] UMACI[\/box] <\/em><\/strong><\/p>\n<ul>\n<li>AJVAR<\/li>\n<li>1,00 \u20ac<\/li>\n<li>TARTAR UMAK<\/li>\n<li>1,00 \u20ac<\/li>\n<li>SENF<\/li>\n<li>1,00 \u20ac<\/li>\n<li>KE\u010cAP<\/li>\n<li>1,00 \u20ac<\/li>\n<li>KAJMAK<\/li>\n<li>2,00 \u20ac<\/li>\n<\/ul>\n<p><strong>[box] DESERTI[\/box] <\/strong><\/p>\n<ul>\n<li>PALA\u010cINKE(PEKMEZ,\u010cOKOLADA,ORASI)<\/li>\n<li>4,00 \u20ac<\/li>\n<li>KNEDLE(MARELICA,\u0160LJIVA,\u010cOKOLADA)<\/li>\n<li>3,00 \u20ac<\/li>\n<li>\u0160TRUKLE<\/li>\n<li>4,00 \u20ac<\/li>\n<\/ul>\n<p><strong>\u00a0<\/strong><\/p>\n","protected":false},"excerpt":{"rendered":"<p>[box] JUHE[\/box] DNEVNE JUHE 3,00\u20ac [box] JELA PO NARUD\u017dBI[\/box] BE\u010cKI ODREZAK-PRILOG 9,00 \u20ac NARAVNI ODREZAK-SVINJSKI-PRILOG 9,00 \u20ac NARAVNI U UMAKU OD \u0160AMPINJONA-SVINJSKI-PRILOG 11,00 \u20ac PARI\u0160KI [&hellip;]<\/p>\n","protected":false},"author":4,"featured_media":0,"parent":251,"menu_order":0,"comment_status":"open","ping_status":"open","template":"","meta":{"ngg_post_thumbnail":0,"footnotes":""},"class_list":["post-221","page","type-page","status-publish","hentry"],"_links":{"self":[{"href":"https:\/\/borsalino.hr\/index.php?rest_route=\/wp\/v2\/pages\/221","targetHints":{"allow":["GET"]}}],"collection":[{"href":"https:\/\/borsalino.hr\/index.php?rest_route=\/wp\/v2\/pages"}],"about":[{"href":"https:\/\/borsalino.hr\/index.php?rest_route=\/wp\/v2\/types\/page"}],"author":[{"embeddable":true,"href":"https:\/\/borsalino.hr\/index.php?rest_route=\/wp\/v2\/users\/4"}],"replies":[{"embeddable":true,"href":"https:\/\/borsalino.hr\/index.php?rest_route=%2Fwp%2Fv2%2Fcomments&post=221"}],"version-history":[{"count":101,"href":"https:\/\/borsalino.hr\/index.php?rest_route=\/wp\/v2\/pages\/221\/revisions"}],"predecessor-version":[{"id":4562,"href":"https:\/\/borsalino.hr\/index.php?rest_route=\/wp\/v2\/pages\/221\/revisions\/4562"}],"up":[{"embeddable":true,"href":"https:\/\/borsalino.hr\/index.php?rest_route=\/wp\/v2\/pages\/251"}],"wp:attachment":[{"href":"https:\/\/borsalino.hr\/index.php?rest_route=%2Fwp%2Fv2%2Fmedia&parent=221"}],"curies":[{"name":"wp","href":"https:\/\/api.w.org\/{rel}","templated":true}]}}