{"id":10,"date":"2014-11-25T15:45:27","date_gmt":"2014-11-25T15:45:27","guid":{"rendered":"http:\/\/borsalino.hr\/?page_id=10"},"modified":"2026-04-27T06:00:55","modified_gmt":"2026-04-27T06:00:55","slug":"catering","status":"publish","type":"page","link":"https:\/\/borsalino.hr\/?page_id=10","title":{"rendered":"Dnevna ponuda"},"content":{"rendered":"\n<p><strong>ZA PERIOD :27.04.2026-02.05.2026<\/strong><\/p>\n\n\n\n<p class=\"has-text-align-center\"><\/p>\n\n\n\n<h1 class=\"wp-block-heading has-text-align-center\"><em><strong><span class=\"has-inline-color has-vivid-cyan-blue-color\">PONEDJELJAK<\/span><\/strong><\/em><\/h1>\n\n\n\n<p><\/p>\n\n\n\n<ul id=\"block-db368f54-c954-49d5-abd2-281d3e9f5e61\" class=\"wp-block-list\">\n<li>GRAH NA SELJA\u010cKI(KOBASE,\u0160PEK NAREZANO) 7,00 \u20ac<\/li>\n\n\n\n<li>VRATINA NA SLAVONSKI+KROKETI 8,00 \u20ac<\/li>\n\n\n\n<li>PILE\u0106I RI\u017dOTO OD FILEA+SALATA 8,00 \u20ac<\/li>\n\n\n\n<li>BE\u010cKI ODREZAK+POMFRIT+TARTAR  8,00 \u20ac<\/li>\n\n\n\n<li>BURGER BORSALINO SA KRUMPIRI\u0106IMA 7,50 \u20ac<\/li>\n\n\n\n<li>CHEESBURGER BORSALINO SA KRUMPIRI\u0106IMA 9,00 \u20ac<\/li>\n\n\n\n<li>\u0106EVAPI U LEPINJI+LUK 7,50 \u20ac<\/li>\n\n\n\n<li>POHANI SIR+POMFRIT+TARTAR 8,00 \u20ac<\/li>\n\n\n\n<li>KUHANE \u0160TRUKLE SA VRHNJEM 4,00 \u20ac<\/li>\n\n\n\n<li>KNEDLE MARELICA;\u0160LJIVA;\u010cOKOLADA 3,00 \u20ac<\/li>\n<\/ul>\n\n\n\n<div class=\"wp-block-group\"><div class=\"wp-block-group__inner-container is-layout-flow wp-block-group-is-layout-flow\">\n<h1 class=\"wp-block-heading has-text-align-center\"><em><strong><span class=\"has-inline-color has-vivid-cyan-blue-color\">UTORAK<\/span><\/strong><\/em><\/h1>\n\n\n\n<p><\/p>\n\n\n\n<p><\/p>\n\n\n\n<ul id=\"block-e970ba72-301f-45a6-85eb-411fbe8723c3\" class=\"wp-block-list\">\n<li>VINSKI GULA\u0160 7,00 \u20ac<\/li>\n\n\n\n<li>SVINJSKO PE\u010cENJE+ZAPE\u010cENI GRAH+LUK 8,00 \u20ac<\/li>\n\n\n\n<li>PARI\u0160KI ODREZAK+PE\u010cENI KRUMPIR+TARTAR 9,00 \u20ac<\/li>\n\n\n\n<li>PUNJENA PILE\u0106E ROLICE (KIS.KRAS-SIR),UMAK+RI\u017dA 9,00 \u20ac<\/li>\n\n\n\n<li>\u0106EVAPI U LEPINJI+LUK 7,50 \u20ac<\/li>\n\n\n\n<li>BURGER BORSALINO SA KRUMPIRI\u0106IMA 7,50 \u20ac<\/li>\n\n\n\n<li>CHEESBURGER BORSALINO SA KRUMPIRI\u0106IMA 9,00 \u20ac<\/li>\n\n\n\n<li>PLJESKAVICA+POMFRIT+LUK 7,50 \u20ac<\/li>\n\n\n\n<li>POHANI SIR+POMFRIT+TARTAR 8,00 \u20ac<\/li>\n\n\n\n<li>KNEDLE MARELICA;\u0160LJIVA;\u010cOKOLADA 3,00 \u20ac<\/li>\n<\/ul>\n\n\n\n<h1 class=\"wp-block-heading has-text-align-center\"><em><strong><span class=\"has-inline-color has-vivid-cyan-blue-color\">SRIJEDA<\/span><\/strong><\/em><\/h1>\n\n\n\n<ul id=\"block-db368f54-c954-49d5-abd2-281d3e9f5e61\" class=\"wp-block-list\">\n<li>\u010cOBANAC 7,00 \u20ac<\/li>\n\n\n\n<li>KOTLOVINA SA NJOKAMA 8,00 \u20ac<\/li>\n\n\n\n<li>POHANE PUNJENE PALA\u010cINKE(SIR-\u0160UNKA),DRESSING 8,00 \u20ac<\/li>\n\n\n\n<li>MEDALJONI UMAK \u0160AMPINJONI+RI\u017dA 9,00 \u20ac<\/li>\n\n\n\n<li>FIT SALATA(PILE\u0106I FILE,LISNATO POVR\u0106E,DRESSING) 7,50 \u20ac<\/li>\n\n\n\n<li>\u0106EVAPI U LEPINJI+LUK 7,50 \u20ac<\/li>\n\n\n\n<li>BURGER BORSALINO SA KRUMPIRI\u0106IMA 7,50 \u20ac<\/li>\n\n\n\n<li>POHANI SIR+POMFRIT+TARTAR 8,00 \u20ac<\/li>\n\n\n\n<li>KUHANE \u0160TRUKLE SA VRHNJEM 4,00 \u20ac<\/li>\n\n\n\n<li>KNEDLE SA \u010cOKOLADA 3,00 \u20ac<\/li>\n\n\n\n<li>CHEESBURGER BORSALINO SA KRUMPIRI\u0106IMA 9,00 \u20ac<\/li>\n\n\n\n<li>PLJESKAVICA+POMFRIT+LUK 7,50 \u20ac<\/li>\n<\/ul>\n\n\n\n<p><\/p>\n\n\n\n<h1 class=\"wp-block-heading has-text-align-center\"><em><strong><span class=\"has-inline-color has-vivid-cyan-blue-color\">\u010cETVRTAK<\/span><\/strong><\/em><\/h1>\n\n\n\n<p><\/p>\n\n\n\n<ul id=\"block-12801b97-d60d-4bf3-9a05-5d316c199ddf\" class=\"wp-block-list\">\n<li>ZAGORSKI GULA\u0160 7,00 \u20ac<\/li>\n\n\n\n<li>\u0160PAGETI BOLONJEZ 8,00 \u20ac<\/li>\n\n\n\n<li>AMERI\u010cKI RA\u017dNJI\u0106I(PILE\u0106I RA\u017dNJI\u0106I SA POVR\u0106EM) SA RI\u017dOTOM OD POVR\u0106A 8,00 \u20ac<\/li>\n\n\n\n<li>ZAGREBA\u0106KI ODREZAK+PE\u010cENI KRUMPIR+TARTAR 9,00 \u20ac<\/li>\n\n\n\n<li>CHEESBURGER BORSALINO SA KRUMPIRI\u0106IMA 9,00 \u20ac<\/li>\n\n\n\n<li>\u0106EVAPI U LEPINJI+LUK 7,50 \u20ac<\/li>\n\n\n\n<li>POHANI SIR+POMFRIT+TARTAR 8,00 \u20ac<\/li>\n\n\n\n<li>KUHANE \u0160TRUKLE SA VRHNJEM 4,00 \u20ac<\/li>\n\n\n\n<li>KNEDLE MARELICA;\u0160LJIVA;\u010cOKOLADA 3,00 \u20ac<\/li>\n\n\n\n<li>MJE\u0160ANA SALATA 3,00 \u20ac<\/li>\n\n\n\n<li>PLJESKAVICA+POMFRIT+LUK 7,50 \u20ac<\/li>\n<\/ul>\n\n\n\n<p class=\"has-text-align-center has-large-font-size\"><strong><em><mark style=\"background-color:rgba(0, 0, 0, 0)\" class=\"has-inline-color has-vivid-cyan-blue-color\">PETAK<\/mark><\/em><\/strong><\/p>\n\n\n\n<p><\/p>\n\n\n\n<ul id=\"block-faa10f20-c582-49bc-9c6c-3714d8235cb9\" class=\"wp-block-list\">\n<li>NE RADIMO<\/li>\n<\/ul>\n\n\n\n<p><\/p>\n\n\n\n<h1 class=\"wp-block-heading has-text-align-center\"><strong><em><span class=\"has-inline-color has-vivid-cyan-blue-color\">SUBOTA<\/span><\/em><\/strong><\/h1>\n\n\n\n<p><\/p>\n\n\n\n<ul class=\"wp-block-list\">\n<li><strong>MJE\u0160ANO MESO+POMFRIT+ LUK &#8211; 10,00 \u20ac<\/strong><\/li>\n\n\n\n<li><strong><strong>ZAGREBA\u010cKI ODREZAK+POMFRIT +TARTAR &#8211; 9,00 \u20ac<\/strong><\/strong><\/li>\n\n\n\n<li><strong>CHEESBURGER BORSALINO SA KRUMPIRI\u0106IMA &#8211; 9,00 \u20ac<\/strong><\/li>\n\n\n\n<li>PILE\u0106I FILE GRILL+POMFRIT &#8211;  7,50 \u20ac<\/li>\n\n\n\n<li>LUNGI\u0106 NA \u017dARU+POMFRIT+LUK &#8211; 9,50 \u20ac<\/li>\n\n\n\n<li>PUNJENI LUNGI\u0106(SIR-\u0160UNKA) + POMFRIT &#8211; 10,00 \u20ac<\/li>\n\n\n\n<li>BURGER BORSALINO SA KRUMPIRI\u0106IMA &#8211; 7,50 \u20ac<\/li>\n\n\n\n<li><strong>PLJESKAVICA +POMFRIT+LUK &#8211; 7,50 \u20ac<\/strong><\/li>\n\n\n\n<li><strong>\u0106EVAPI U LEPINJI+LUK &#8211; 7,50 \u20ac<\/strong><\/li>\n\n\n\n<li>POHANI SIR+POMFRIT+TARTAR- 7,50 \u20ac<\/li>\n\n\n\n<li>KUHANE \u0160TRUKLE SA VRHNJEM- 4,00 \u20ac<\/li>\n\n\n\n<li>MIJE\u0160ANA SALATA &#8211; 3,00 \u20ac<\/li>\n\n\n\n<li>KNEDLE : MARELICA;\u0160LJIVE;\u010cOKOLADA &#8211; 3,00 \u20ac<\/li>\n<\/ul>\n\n\n\n<p><strong>POSLU\u017dUJEMO I OSTALA JELA SA RO\u0160TILJA I PO NARUD\u017dBI<\/strong><br><strong>TELEFON:01\/7890-388<\/strong><br><br><strong>SUBOTOM RADIMO OD 08 DO 16<\/strong> <strong>JELA PO NARUD\u017dBI I SA RO\u0160TILJA<\/strong><\/p>\n\n\n\n<p><\/p>\n<\/div><\/div>\n","protected":false},"excerpt":{"rendered":"<p>ZA PERIOD :27.04.2026-02.05.2026 PONEDJELJAK UTORAK SRIJEDA \u010cETVRTAK PETAK SUBOTA POSLU\u017dUJEMO I OSTALA JELA SA RO\u0160TILJA I PO NARUD\u017dBITELEFON:01\/7890-388 SUBOTOM RADIMO OD 08 DO 16 JELA [&hellip;]<\/p>\n","protected":false},"author":4,"featured_media":0,"parent":0,"menu_order":0,"comment_status":"open","ping_status":"open","template":"page-full.php","meta":{"ngg_post_thumbnail":0,"footnotes":""},"class_list":["post-10","page","type-page","status-publish","hentry"],"_links":{"self":[{"href":"https:\/\/borsalino.hr\/index.php?rest_route=\/wp\/v2\/pages\/10","targetHints":{"allow":["GET"]}}],"collection":[{"href":"https:\/\/borsalino.hr\/index.php?rest_route=\/wp\/v2\/pages"}],"about":[{"href":"https:\/\/borsalino.hr\/index.php?rest_route=\/wp\/v2\/types\/page"}],"author":[{"embeddable":true,"href":"https:\/\/borsalino.hr\/index.php?rest_route=\/wp\/v2\/users\/4"}],"replies":[{"embeddable":true,"href":"https:\/\/borsalino.hr\/index.php?rest_route=%2Fwp%2Fv2%2Fcomments&post=10"}],"version-history":[{"count":3029,"href":"https:\/\/borsalino.hr\/index.php?rest_route=\/wp\/v2\/pages\/10\/revisions"}],"predecessor-version":[{"id":4677,"href":"https:\/\/borsalino.hr\/index.php?rest_route=\/wp\/v2\/pages\/10\/revisions\/4677"}],"wp:attachment":[{"href":"https:\/\/borsalino.hr\/index.php?rest_route=%2Fwp%2Fv2%2Fmedia&parent=10"}],"curies":[{"name":"wp","href":"https:\/\/api.w.org\/{rel}","templated":true}]}}