{"id":12,"date":"2014-11-25T15:45:51","date_gmt":"2014-11-25T15:45:51","guid":{"rendered":"http:\/\/borsalino.hr\/?page_id=12"},"modified":"2025-10-15T18:48:10","modified_gmt":"2025-10-15T18:48:10","slug":"posebne-prilike","status":"publish","type":"page","link":"http:\/\/borsalino.hr\/?page_id=12","title":{"rendered":"Krizme-pri\u010desti-krstitke-ro\u0111endani"},"content":{"rendered":"<p class=\"style10\" align=\"justify\">Ako ste odlucili obilje\u017eiti neki Vama poseban dan, na\u0161 strucni tim ce sa zadovoljstvom preuzeti organizaciju kako biste se Vi bili \u0161to bezbri\u017eniji. Organiziramo domjenke do 80 osoba povodom krstitki, pricesti, krizmi, promocija, rodendana, karmina. U ponudi imamo 8 menija, koje je moguce mijenjati i prilagodavati Va\u0161im zahtjevima.<\/p>\n<p><span class=\"style1\">Ponuda :<\/span><\/p>\n<\/p>\n\n\n\n<p align=\"center\"><strong><em>MENU I\u00a0 <br \/><\/em><\/strong><\/p>\n<p align=\"center\">GOVE\u00d0A JUHA<br \/>x<br \/>ZAGREBA\u010cKI ODREZAK<br \/>SVINJSKO PE\u010cENJE<br \/>ISKO\u0160TENI PILE\u0106I BATAK\/ZABATAK NA \u017dARU<br \/>x<br \/>PE\u010cENI KRUMPIR<br \/>RI\u017dOTO OD POVR\u0106A<br \/>KROKETI<br \/>x<br \/>MIJE\u0160ANA SALATA<br \/>x<br \/>KRUH<\/p>\n<p style=\"text-align: left;\" align=\"center\">CIJENA(VRIJEME TRAJANJA 5 SATI):<\/p>\n<p style=\"text-align: left;\" align=\"center\">RU\u010cAK SA DOMA\u0106IM PI\u0106EM(NEOGRANI\u010cENIM) 33 \u20ac<\/p>\n<p style=\"text-align: left;\" align=\"center\"><em>KASNI RU\u010cAK(OD 16 SATI) ILI <\/em>VE\u010cERA SA DOMA\u0106IM PI\u0106EM(NEOGRANI\u010cENO) 36 \u20ac<\/p>\n<p align=\"center\"><em>&#8212;&#8212;&#8212;&#8212;&#8212;&#8212;&#8212;&#8212;&#8212;&#8212;&#8212;&#8212;&#8212;&#8212;&#8212;&#8212;&#8212;&#8212;&#8212;&#8212;&#8212;&#8212;&#8212;&#8212;&#8212;&#8212;&#8212;&#8212;&#8212;&#8212;&#8212;&#8212;&#8212;&#8212;&#8212;&#8212;&#8212;&#8212;&#8212;&#8212;&#8212;&#8212;&#8212;&#8211;<\/em><strong><em>\u00a0 <\/em><\/strong><\/p>\n<p align=\"center\"><strong><em>MENU II\u00a0<\/em><\/strong><\/p>\n<p align=\"center\">GOVE\u00d0A JUHA<br \/>x<br \/>POHANI PILE\u0106I FILE<br \/>SVINJSKO PE\u010cENJE<br \/>PUNJENA PLJESKAVICA SA SVJE\u017dIM SIROM<br \/>x<br \/>PE\u010cENI KRUMPIR<br \/>RI\u017dOTO OD POVR\u0106A<br \/>KROKETI<br \/>x<br \/>MIJE\u0160ANA SALATA<br \/>x<br \/>KRUH<\/p>\n<p style=\"text-align: left;\" align=\"center\">CIJENA(VRIJEME TRAJANJA 5 SATI):<\/p>\n<p style=\"text-align: left;\" align=\"center\">RU\u010cAK SA DOMA\u0106IM PI\u0106EM(NEOGRANI\u010cENIM) 33 \u20ac<\/p>\n<p style=\"text-align: left;\" align=\"center\"><em>KASNI RU\u010cAK(OD 16 SATI) ILI <\/em>VE\u010cERA SA DOMA\u0106IM PI\u0106EM(NEOGRANI\u010cENO) 36 \u20ac\u00a0<\/p>\n<p align=\"center\">&#8212;&#8212;&#8212;&#8212;&#8212;&#8212;&#8212;&#8212;&#8212;&#8212;&#8212;&#8212;&#8212;&#8212;&#8212;&#8212;&#8212;&#8212;&#8212;&#8212;&#8212;&#8212;&#8212;&#8212;&#8212;&#8212;&#8212;&#8212;&#8212;&#8212;&#8212;&#8212;&#8212;&#8212;&#8212;&#8212;&#8212;&#8212;&#8212;&#8212;&#8212;&#8212;&#8212;&#8212;<\/p>\n<p align=\"center\"><strong><em>MENU III\u00a0<\/em><\/strong><\/p>\n<p align=\"center\">PR\u0160UT-KULEN-SIR<br \/>SIR SA VRHNJEM-FRANCUSKA SALATA<br \/>x<br \/>GOVE\u00d0A JUHA<br \/>x<br \/>VRATINA OD SVINJETINE NA \u017dARU<br \/>MEDALJONI OD LUNGI\u0106A U UMAKU OD \u0160AMPINJONA<br \/>PILE\u0106I ZAGREBA\u010cKI<br \/>x<br \/>PE\u010cENI KRUMPIR<br \/>RI\u017dOTO OD POVR\u0106A<br \/>KROKETI<br \/>x<br \/>MIJE\u0160ANA SALATA<br \/>x<br \/>KRUH<\/p>\n<p style=\"text-align: left;\" align=\"center\">CIJENA(VRIJEME TRAJANJA 5 SATI):<\/p>\n<p style=\"text-align: left;\" align=\"center\">RU\u010cAK SA DOMA\u0106IM PI\u0106EM(NEOGRANI\u010cENIM) 38 \u20ac<\/p>\n<p style=\"text-align: left;\" align=\"center\"><em>KASNI RU\u010cAK(OD 16 SATI) ILI <\/em>VE\u010cERA SA DOMA\u0106IM PI\u0106EM(NEOGRANI\u010cENO)\u00a0 40 \u20ac<\/p>\n<p align=\"center\"><strong>\u00a0 <\/strong><em>\u00a0 &#8212;&#8212;&#8212;&#8212;&#8212;&#8212;&#8212;&#8212;&#8212;&#8212;&#8212;&#8212;&#8212;&#8212;&#8212;&#8212;&#8212;&#8212;&#8212;&#8212;&#8212;&#8212;&#8212;&#8212;&#8212;&#8212;&#8212;&#8212;&#8212;&#8212;&#8212;&#8212;&#8212;&#8212;&#8212;&#8212;&#8212;&#8212;&#8212;&#8212;&#8212;&#8212;&#8211;<\/em><\/p>\n<p align=\"center\"><strong><em>MENU IV<\/em><\/strong><\/p>\n<p align=\"center\">GOVE\u0110A JUHA<br \/>x<br \/>TELE\u0106E PE\u010cENJE<br \/>ODOJAK<br \/>VRATINA NA \u017dARU<br \/>x<\/p>\n<p align=\"center\">PE\u010cENI KRUMPIR<br \/>RI\u017dOTO OD POVR\u0106A<br \/>KROKETI<\/p>\n<p align=\"center\">x<br \/>MIJE\u0160ANA SALATA<br \/>x<br \/>KRUH<\/p>\n<p style=\"text-align: left;\" align=\"center\">CIJENA(VRIJEME TRAJANJA 5 SATI):<\/p>\n<p style=\"text-align: left;\" align=\"center\">RU\u010cAK SA DOMA\u0106IM PI\u0106EM(NEOGRANI\u010cENIM) 38 \u20ac<\/p>\n<p style=\"text-align: left;\" align=\"center\"><em>KASNI RU\u010cAK(OD 16 SATI) ILI <\/em>VE\u010cERA SA DOMA\u0106IM PI\u0106EM(NEOGRANI\u010cENO) 40 \u20ac<\/p>\n<p align=\"center\"><em>\u00a0 &#8212;&#8212;&#8212;&#8212;&#8212;&#8212;&#8212;&#8212;&#8212;&#8212;&#8212;&#8212;&#8212;&#8212;&#8212;&#8212;&#8212;&#8212;&#8212;&#8212;&#8212;&#8212;&#8212;&#8212;&#8212;&#8212;&#8212;&#8212;&#8212;&#8212;&#8212;&#8212;&#8212;&#8212;&#8212;&#8212;&#8212;&#8212;&#8212;&#8212;&#8212;&#8212;&#8212;<\/em><strong><em>\u00a0 <\/em><\/strong><\/p>\n<p align=\"center\"><strong><em>MENU V<\/em><\/strong><\/p>\n<p align=\"center\">PR\u0160UT-KULEN-SIR<br \/>SIR SA VRHNJEM-FRANCUSKA SALATA<br \/>x<br \/>KREM JUHA OD \u0160AMPINJONA<br \/>x<br \/>PURE\u0106I MEDALJONI U UMAKU OD KOPRA<br \/>RA\u017dNI\u0106I OD LUNGI\u0106A<br \/>TELE\u0106E PE\u010cENJE<br \/>x<br \/>PE\u010cENI KRUMPIR<br \/>RI\u017dOTO OD POVR\u0106A<br \/>KROKETI<br \/>x<br \/>MIJE\u0160ANA SALATA<br \/>x<br \/>KRUH<\/p>\n<p style=\"text-align: left;\" align=\"center\">CIJENA(VRIJEME TRAJANJA 5 SATI):<\/p>\n<p style=\"text-align: left;\" align=\"center\">RU\u010cAK SA DOMA\u0106IM PI\u0106EM(NEOGRANI\u010cENIM) 38 \u20ac\u00a0<\/p>\n<p style=\"text-align: left;\" align=\"center\"><em>KASNI RU\u010cAK(OD 16 SATI) ILI <\/em>VE\u010cERA SA DOMA\u0106IM PI\u0106EM(NEOGRANI\u010cENO) 40 \u20ac\u00a0<\/p>\n<p align=\"center\"><em>\u00a0 &#8212;&#8212;&#8212;&#8212;&#8212;&#8212;&#8212;&#8212;&#8212;&#8212;&#8212;&#8212;&#8212;&#8212;&#8212;&#8212;&#8212;&#8212;&#8212;&#8212;&#8212;&#8212;&#8212;&#8212;&#8212;&#8212;&#8212;&#8212;&#8212;&#8212;&#8212;&#8212;&#8212;&#8212;&#8212;&#8212;&#8212;&#8212;&#8212;&#8212;&#8212;&#8212;&#8212;-<\/em><\/p>\n<p align=\"center\"><strong><em>MENU VI<\/em><\/strong><\/p>\n<p align=\"center\">PR\u0160UT-KULEN-SIR<br \/>SIR SA VRHNJEM-FRANCUSKA SALATA<br \/>x<br \/>GOVE\u0110A JUHA<br \/>x<br \/>TELE\u0106E PE\u010cENJE<br \/>JANJETINA<br \/>\u0160ARENI RA\u017dNI\u0106I OD PILE\u0106EG FILEA<br \/>x<br \/>PE\u010cENI KRUMPIR<br \/>RI\u017dOTO OD POVR\u0106A<br \/>KROKETI<br \/>x<br \/>MIJE\u0160ANA SALATA<br \/>x<br \/>KRUH<\/p>\n<p style=\"text-align: left;\" align=\"center\">CIJENA(VRIJEME TRAJANJA 5 SATI):<\/p>\n<p style=\"text-align: left;\" align=\"center\">RU\u010cAK SA DOMA\u0106IM PI\u0106EM(NEOGRANI\u010cENIM) 42 \u20ac\u00a0<\/p>\n<p style=\"text-align: left;\" align=\"center\"><em>KASNI RU\u010cAK(OD 16 SATI) ILI <\/em>VE\u010cERA SA DOMA\u0106IM PI\u0106EM(NEOGRANI\u010cENO) 44 \u20ac\u00a0<\/p>\n<p align=\"center\"><em>\u00a0 &#8212;&#8212;&#8212;&#8212;&#8212;&#8212;&#8212;&#8212;&#8212;&#8212;&#8212;&#8212;&#8212;&#8212;&#8212;&#8212;&#8212;&#8212;&#8212;&#8212;&#8212;&#8212;&#8212;&#8212;&#8212;&#8212;&#8212;&#8212;&#8212;&#8212;&#8212;&#8212;&#8212;&#8212;&#8212;&#8212;&#8212;&#8212;&#8212;&#8212;&#8212;&#8212;&#8212;<\/em><strong><em>\u00a0 <\/em><\/strong><\/p>\n<p align=\"center\"><strong><em>MENU VII<\/em><\/strong><\/p>\n<p align=\"center\">PR\u0160UT-KULEN-SIR<br \/>SIR SA VRHNJEM-FRANCUSKA SALATA<br \/>x<br \/>GOVE\u0110A JUHA<br \/>x<br \/>TELE\u0106E PE\u010cENJE<br \/>JANJETINA<br \/>LUNGI\u0106 UMOTAN U \u0160PEKU<br \/>x<\/p>\n<p align=\"center\">PE\u010cENI KRUMPIR<br \/>RI\u017dOTO OD POVR\u0106A<br \/>KROKETI<\/p>\n<p align=\"center\">x<br \/>MIJE\u0160ANA SALATA<br \/>x<br \/>KRUH<\/p>\n<p style=\"text-align: left;\" align=\"center\">CIJENA(VRIJEME TRAJANJA 5 SATI):<\/p>\n<p style=\"text-align: left;\" align=\"center\">RU\u010cAK SA DOMA\u0106IM PI\u0106EM(NEOGRANI\u010cENIM) 42 \u20ac\u00a0<\/p>\n<p style=\"text-align: left;\" align=\"center\"><em>KASNI RU\u010cAK(OD 16 SATI) ILI <\/em>VE\u010cERA SA DOMA\u0106IM PI\u0106EM(NEOGRANI\u010cENO) 44 \u20ac\u00a0<\/p>\n<p align=\"center\"><em>\u00a0 &#8212;&#8212;&#8212;&#8212;&#8212;&#8212;&#8212;&#8212;&#8212;&#8212;&#8212;&#8212;&#8212;&#8212;&#8212;&#8212;&#8212;&#8212;&#8212;&#8212;&#8212;&#8212;&#8212;&#8212;&#8212;&#8212;&#8212;&#8212;&#8212;&#8212;&#8212;&#8212;&#8212;&#8212;&#8212;&#8212;&#8212;&#8212;&#8212;&#8212;&#8212;&#8212;&#8212;-<\/em><\/p>\n<p align=\"center\"><strong><em>MENU VIII (DJECJI MENU)\u00a0<\/em><\/strong><\/p>\n<p align=\"center\">GOVE\u0110A JUHA<br \/>x<br \/>PILE\u0106I BE\u010cKI<br \/>\u0106EVAPI<br \/>x<br \/>POMFRIT<br \/>RI\u017dA NA MASLACU<br \/>KE\u010cAP<br \/>x<br \/>MIJE\u0160ANA SALATA<br \/>x<br \/>KRUH<\/p>\n<p style=\"text-align: left;\" align=\"center\">CIJENA(VRIJEME TRAJANJA 5 SATI):<\/p>\n<p style=\"text-align: left;\" align=\"center\">RU\u010cAK SA DOMA\u0106IM PI\u0106EM(NEOGRANI\u010cENIM) 16 \u20ac\u00a0<\/p>\n<p style=\"text-align: left;\" align=\"center\"><em>KASNI RU\u010cAK(OD 16 SATI) ILI <\/em>VE\u010cERA SA DOMA\u0106IM PI\u0106EM(NEOGRANI\u010cENO) 17 \u20ac\u00a0<\/p>\n<p align=\"left\">\u00a0<\/p>","protected":false},"excerpt":{"rendered":"<p>Ako ste odlucili obilje\u017eiti neki Vama poseban dan, na\u0161 strucni tim ce sa zadovoljstvom preuzeti organizaciju kako biste se Vi bili \u0161to bezbri\u017eniji. Organiziramo domjenke [&hellip;]<\/p>\n","protected":false},"author":4,"featured_media":0,"parent":0,"menu_order":0,"comment_status":"open","ping_status":"open","template":"page-full.php","meta":{"ngg_post_thumbnail":0,"footnotes":""},"class_list":["post-12","page","type-page","status-publish","hentry"],"_links":{"self":[{"href":"http:\/\/borsalino.hr\/index.php?rest_route=\/wp\/v2\/pages\/12","targetHints":{"allow":["GET"]}}],"collection":[{"href":"http:\/\/borsalino.hr\/index.php?rest_route=\/wp\/v2\/pages"}],"about":[{"href":"http:\/\/borsalino.hr\/index.php?rest_route=\/wp\/v2\/types\/page"}],"author":[{"embeddable":true,"href":"http:\/\/borsalino.hr\/index.php?rest_route=\/wp\/v2\/users\/4"}],"replies":[{"embeddable":true,"href":"http:\/\/borsalino.hr\/index.php?rest_route=%2Fwp%2Fv2%2Fcomments&post=12"}],"version-history":[{"count":40,"href":"http:\/\/borsalino.hr\/index.php?rest_route=\/wp\/v2\/pages\/12\/revisions"}],"predecessor-version":[{"id":4238,"href":"http:\/\/borsalino.hr\/index.php?rest_route=\/wp\/v2\/pages\/12\/revisions\/4238"}],"wp:attachment":[{"href":"http:\/\/borsalino.hr\/index.php?rest_route=%2Fwp%2Fv2%2Fmedia&parent=12"}],"curies":[{"name":"wp","href":"https:\/\/api.w.org\/{rel}","templated":true}]}}